{"id":101,"date":"2013-06-10T14:13:23","date_gmt":"2013-06-10T12:13:23","guid":{"rendered":"http:\/\/romans.charrazac.fr\/wordpress\/?page_id=101"},"modified":"2017-11-23T21:44:03","modified_gmt":"2017-11-23T20:44:03","slug":"pure-comme-la-neige-la-trahison","status":"publish","type":"page","link":"https:\/\/romans.charrazac.fr\/wordpress\/pure-comme-la-neige-la-trahison\/","title":{"rendered":"PURE COMME LA NEIGE : LA TRAHISON"},"content":{"rendered":"<p style=\"text-align: justify;\"><a href=\"https:\/\/romans.charrazac.fr\/wordpress\/wp-content\/uploads\/2013\/06\/pcln1_couv1.jpg\" target=\"_blank\" rel=\"noopener noreferrer\"><img loading=\"lazy\" decoding=\"async\" class=\"size-full wp-image-16 alignleft\" src=\"https:\/\/romans.charrazac.fr\/wordpress\/wp-content\/uploads\/2013\/06\/pcln1_couv1_s.jpg\" alt=\"pcln1_couv1_s\" width=\"200\" height=\"282\" \/><\/a><a href=\"https:\/\/romans.charrazac.fr\/wordpress\/wp-content\/uploads\/2013\/06\/pcln1_couv2.jpg\" target=\"_blank\" rel=\"noopener noreferrer\"><img loading=\"lazy\" decoding=\"async\" class=\"size-medium wp-image-17 alignright\" src=\"https:\/\/romans.charrazac.fr\/wordpress\/wp-content\/uploads\/2013\/06\/pcln1_couv2.jpg\" alt=\"pcln1_couv2\" width=\"212\" height=\"283\" \/><\/a><em>Lorsque son p\u00e8re meurt, Marisa, superbe jeune fille de dix-neuf ans, d\u00e9cide de quitter son village pour la \u00ab\u00a0grande ville\u00a0\u00bb dans l&rsquo;espoir de trouver l&rsquo;homme de sa vie.<br \/>\nC&rsquo;est Alexandre qui sera l&rsquo;heureux \u00e9lu de ce c\u0153ur tendre et g\u00e9n\u00e9reux, dans un pays o\u00f9 la mis\u00e8re et le ch\u00f4mage obligent les jeunes gens \u00e0 aller toujours plus loin pour trouver du travail, \u00e0 l&rsquo;instar de cette plate-forme p\u00e9troli\u00e8re offshore sur laquelle le jeune amoureux doit partir loin de celle qu\u2019il\u00a0 aime.<br \/>\nL&rsquo;histoire aurait pu se terminer l\u00e0, mais c&rsquo;\u00e9tait sans compter sur la jalousie d\u2019un homme pr\u00eat \u00e0 tout pour conqu\u00e9rir celle qui ne l\u2019aime pas.<\/em><\/p>\n<p style=\"text-align: justify;\">Une histoire d&rsquo;amour, d&rsquo;aventures, de haine et de passion, qui lie dans son tourbillon, des jeunesses innocentes destin\u00e9es \u00e0 entrer de plain pied et sans pr\u00e9paration, dans une vie sans concession o\u00f9 les ma\u00eetres mots pour r\u00e9ussir demeurent l&rsquo;argent et le pouvoir.<\/p>\n<p style=\"text-align: justify;\">\u00a9 Juin 2008<\/p>\n<p style=\"text-align: center;\"><span style=\"color: #ff0000;\">Ce roman est en cours de r\u00e9\u00e9criture \u00e0 des fins de publication.<\/span><br \/>\n<span style=\"color: #ff0000;\"> Merci de votre compr\u00e9hension.<\/span><\/p>\n<div align=\"center\">\n<form action=\"https:\/\/www.paypal.com\/cgi-bin\/webscr\" method=\"post\" target=\"_top\"><input name=\"cmd\" type=\"hidden\" value=\"_s-xclick\" \/><\/form>\n<\/div>\n<table>\n<tbody>\n<tr>\n<td valign=\"top\">Format PDF<\/td>\n<td>Format EPUB<\/td>\n<\/tr>\n<tr>\n<td>indisponible<\/td>\n<td>indisponible<\/td>\n<\/tr>\n<\/tbody>\n<\/table>\n<div style=\"text-align: center; width:300px; margin: 12px auto;\"><div style=\"margin: 4px 0px;\"><a href=\"http:\/\/calameo.com\/books\/00223914986a97adad763\">View this publication on Calam&eacute;o<\/a><\/div><iframe loading=\"lazy\" src=\"\/\/v.calameo.com\/?bkcode=00223914986a97adad763&amp;language=fr&amp;page=&amp;showsharemenu=true\" width=\"300\" height=\"194\" style=\"width:300px;height:194px\" frameborder=\"0\" scrolling=\"no\" allowtransparency allowfullscreen><\/iframe><div style=\"margin: 4px 0px; font-size: 90%;\"><a rel=\"nofollow\" href=\"http:\/\/calameo.com\/upload\">Publish<\/a> at <a href=\"http:\/\/calameo.com\">Calam&eacute;o<\/a> or <a href=\"http:\/\/calameo.com\/browse\/weekly\/?o=7&amp;w=DESC\">browse<\/a> the library.<\/div><\/div>\n<p style=\"text-align: center;\"><span style=\"color: #ff00ff;\">Si vous avez lu ce roman, merci d&rsquo;avoir la sympathie de laisser vos impressions en commentaire pour dire \u00e0 l&rsquo;auteur comment vous l&rsquo;avez trouv\u00e9.<\/span><\/p>\n<p style=\"text-align: justify;\">Extrait du chapitre 4 : \u00ab\u00a0Peinture et vacances\u00a0\u00bb<\/p>\n<p style=\"text-align: justify;\">\u00ab\u00a0Marisa regarda tout autour d\u2019elle. N&rsquo;\u00e9tait-ce pas merveilleux\u00a0? Ne r\u00eavait-elle pas au milieu de ce parc verdoyant aux reflets de bronze d\u2019un automne naissant\u00a0? Elle s\u2019\u00e9tendit dans l\u2019herbe \u00e0 quelque pas de la maison et regarda le ciel azur dans lequel s\u2019\u00e9tiraient quel\u00adques cumulus blancs. Celui-ci avait l\u2019air d\u2019un \u00e9l\u00e9phant et celui-l\u00e0 d\u2019un dinosaure. Cet autre ressemblait&#8230;<br \/>\nElle se releva d\u2019un bond au bruit sec d\u2019une branche cass\u00e9e.<br \/>\n&#8211; Il y a quelqu\u2019un\u00a0? appela-t-elle.<\/p>\n<p style=\"text-align: justify;\">Rien. Aucune r\u00e9ponse ne parvint \u00e0 ses oreilles, rien d\u2019autre que le bruit sourd et r\u00e9gulier de l\u2019oc\u00e9an jetant ses vagues sur la plage toute proche en un \u00e9ternel recommencement.<br \/>\nMarisa fit quelques pas vers le promontoire rocheux d\u2019o\u00f9 par\u00adtait le sentier qui descendait vers l\u2019eau, s\u2019arr\u00eata et se retourna. Pour\u00adquoi avait-elle l\u2019impression d\u2019\u00eatre observ\u00e9e par quelques invisibles yeux cach\u00e9s derri\u00e8re les arbres du bois qui descendait vers le vil\u00adlage\u00a0? \u00c9tait-ce une ombre qui venait de dispara\u00eetre derri\u00e8re un buis\u00adson l\u00e0-bas ou bien le fruit de son imagina\u00adtion\u00a0?<br \/>\nLe calme de la campagne environnante devenait obs\u00e9dant pour qui avait pass\u00e9 plusieurs mois dans la f\u00e9brile et bruyante ville de Marvik. Un temps de r\u00e9adaptation s\u2019imposait. Bah\u00a0! il fallait penser \u00e0 autre chose et puis, que craignait-elle\u00a0?<\/p>\n<p style=\"text-align: justify;\">Elle emprunta l\u2019\u00e9troit sentier qui descendait les roches vers la mer en songeant qu\u2019il ne devait pas \u00eatre facile d\u2019y circuler par mau\u00advais temps lorsque les pierres rendues glissantes par la pluie se d\u00e9robent sous les pas.<br \/>\nCinq bonnes minutes lui furent n\u00e9cessaires pour parvenir jusque sur le sable. Il \u00e9tait fin et propre, blond et doux. Elle courut comme un enfant qui d\u00e9couvre la plage, s\u2019arr\u00eata pour se d\u00e9chausser et repartit de plus belle. Arriv\u00e9e au bord de l\u2019eau elle avan\u00e7a \u00e0 petits pas jusqu\u2019\u00e0 ce qu\u2019une vague mourante vienne lui l\u00e9cher les pieds d\u2019une caresse humide et ti\u00e8de. L\u2019eau \u00e9tait bonne et la jeune fille eut naturellement envie de se baigner. Elle h\u00e9sitait, regardant \u00e0 droite et \u00e0 gauche pour voir si elle n\u2019apercevait pas quelqu\u2019un. Elle marcha un moment vers les dunes qui naissaient au sud du promontoire, obser\u00advant les buissons et les hautes herbes sauvages, gardant toujours cette impression qu\u2019il y avait quelqu\u2019un qui la suivait du regard sans pourtant rien voir, ni personne.<br \/>\nLe calme le plus serein r\u00e9gnait. L\u2019isolement \u00e9tait parfait et on se serait cru volontiers seul au monde. La mer \u00e9tait calme, rien n\u2019indiquait la pr\u00e9\u00adsen\u00adce de courants dangereux. Alors elle se d\u00e9cida et se d\u00e9shabilla rapi\u00adde\u00adment, fit un petit tas de ses v\u00eatements et, telle une ondine, elle s\u2019\u00e9lan\u00e7a vers les vagues. La premi\u00e8re lui \u00e9claboussa les jambes, la suivante la mouilla jus\u00adqu\u2019aux reins, la troisi\u00e8me lui fouetta le corps en une vivifiante et tonifiante cla\u00adque. \u00c0 la quatri\u00e8me elle plongea et s\u2019enfon\u00e7a dans l\u2019eau.<br \/>\nSi un promeneur \u00e0 cet instant l\u00e0 avait tourn\u00e9 les yeux vers l\u2019oc\u00e9an, il n\u2019aurait pas dout\u00e9 un seul instant que la si belle femme\u00a0 qu\u2019il venait de voir dis\u00adpara\u00eetre au milieu de l\u2019\u00e9cume blanche dans la plus compl\u00e8te nudit\u00e9, ne f\u00fbt une sir\u00e8ne tout droit sortie des profon\u00addeurs du royaume du Roi Triton.<\/p>\n<p style=\"text-align: justify;\">Le bain fut d\u00e9licieux. Elle y resta longtemps et quand elle sortit de l\u2019eau, le soleil rougeoyant plongeait d\u00e9j\u00e0 vers l\u2019oc\u00e9an en enflammant l\u2019horizon d\u2019une lueur incendiaire. L\u2019azur du ciel s\u2019\u00e9tait obscurci et la luminosit\u00e9 ambiante d\u00e9croissait rapidement.<br \/>\nMarisa revint \u00e0 ses v\u00eatements et s\u2019avisa qu\u2019elle n\u2019avait rien pour se s\u00e9cher. Elle regarda encore et encore autour d\u2019elle se sentant si vuln\u00e9rable, seule sur cette immense \u00e9tendue de sable. Une fois de plus elle ne vit personne. Pourtant, plus d\u2019une fois durant son bain elle avait cru apercevoir une t\u00eate \u00e9mergeant des herbes au sommet de la dune.\u00a0\u00bb<\/p>\n<p><a title=\" Site d\u00e9pos\u00e9 sur CopyrightFrance.com \" href=\"http:\/\/www.copyrightfrance.com\/certificat-depot-copyright-france-C3831E1.htm\" target=\"_blank\" rel=\"noopener noreferrer\"><img decoding=\"async\" class=\"aligncenter\" src=\"..\/images\/C3831E1-1.gif\" alt=\" CopyrightFrance.com \" border=\"0\" \/><\/a><\/p>\n","protected":false},"excerpt":{"rendered":"<p>Lorsque son p\u00e8re meurt, Marisa, superbe jeune fille de dix-neuf ans, d\u00e9cide de quitter son village pour la \u00ab\u00a0grande ville\u00a0\u00bb dans l&rsquo;espoir de trouver l&rsquo;homme de sa vie. C&rsquo;est Alexandre qui sera l&rsquo;heureux \u00e9lu de ce c\u0153ur tendre et g\u00e9n\u00e9reux, &hellip; <a href=\"https:\/\/romans.charrazac.fr\/wordpress\/pure-comme-la-neige-la-trahison\/\">Continuer la lecture <span class=\"meta-nav\">&rarr;<\/span><\/a><\/p>\n","protected":false},"author":1,"featured_media":0,"parent":0,"menu_order":4,"comment_status":"open","ping_status":"open","template":"","meta":{"footnotes":""},"class_list":["post-101","page","type-page","status-publish","hentry"],"_links":{"self":[{"href":"https:\/\/romans.charrazac.fr\/wordpress\/wp-json\/wp\/v2\/pages\/101","targetHints":{"allow":["GET"]}}],"collection":[{"href":"https:\/\/romans.charrazac.fr\/wordpress\/wp-json\/wp\/v2\/pages"}],"about":[{"href":"https:\/\/romans.charrazac.fr\/wordpress\/wp-json\/wp\/v2\/types\/page"}],"author":[{"embeddable":true,"href":"https:\/\/romans.charrazac.fr\/wordpress\/wp-json\/wp\/v2\/users\/1"}],"replies":[{"embeddable":true,"href":"https:\/\/romans.charrazac.fr\/wordpress\/wp-json\/wp\/v2\/comments?post=101"}],"version-history":[{"count":17,"href":"https:\/\/romans.charrazac.fr\/wordpress\/wp-json\/wp\/v2\/pages\/101\/revisions"}],"predecessor-version":[{"id":560,"href":"https:\/\/romans.charrazac.fr\/wordpress\/wp-json\/wp\/v2\/pages\/101\/revisions\/560"}],"wp:attachment":[{"href":"https:\/\/romans.charrazac.fr\/wordpress\/wp-json\/wp\/v2\/media?parent=101"}],"curies":[{"name":"wp","href":"https:\/\/api.w.org\/{rel}","templated":true}]}}