{"id":207,"date":"2014-01-16T15:08:23","date_gmt":"2014-01-16T13:08:23","guid":{"rendered":"http:\/\/romans.charrazac.fr\/wordpress\/?page_id=207"},"modified":"2017-07-04T12:08:46","modified_gmt":"2017-07-04T11:08:46","slug":"star-wars-les-aventures-dune-jeune-jedi-tome-3-mort-au-defiance","status":"publish","type":"page","link":"https:\/\/romans.charrazac.fr\/wordpress\/star-wars-les-aventures-dune-jeune-jedi-tome-3-mort-au-defiance\/","title":{"rendered":"STAR WARS &#8211; LES AVENTURES D&rsquo;UNE JEUNE JEDI &#8211; TOME 3 : MORT AU<i>DEFIANCE<\/i> !"},"content":{"rendered":"<p style=\"text-align: justify;\"><a href=\"https:\/\/romans.charrazac.fr\/wordpress\/wp-content\/uploads\/2014\/01\/ladjj3_couv1.jpg\"><img loading=\"lazy\" decoding=\"async\" class=\"alignleft size-full wp-image-209\" src=\"https:\/\/romans.charrazac.fr\/wordpress\/wp-content\/uploads\/2014\/01\/ladjj3_couv1_s.jpg\" alt=\"ladjj3_couv1_s\" width=\"200\" height=\"284\" \/><\/a><a href=\"https:\/\/romans.charrazac.fr\/wordpress\/wp-content\/uploads\/2014\/01\/ladjj3_couv2.jpg\"><img loading=\"lazy\" decoding=\"async\" class=\"size-full wp-image-211 alignright\" src=\"https:\/\/romans.charrazac.fr\/wordpress\/wp-content\/uploads\/2014\/01\/ladjj3_couv2_s.jpg\" alt=\"ladjj3_couv2_s\" width=\"200\" height=\"282\" \/><\/a><em>Lorsque le pass\u00e9 rencontre le pr\u00e9sent, il y a parfois de vieux comptes \u00e0 r\u00e9gler, des haines \u00e0 assouvir&#8230;<br \/>\nLe croiseur DEFIANCE, se trouve en proie \u00e0 un ennemi implacable et quasi-invincible, au c\u0153ur d\u2019une tourmente qui va emporter dans des p\u00e9rip\u00e9ties galactiques, l\u2019ancienne Padawan de Ma\u00eetre Mahr tout r\u00e9cemment nomm\u00e9e Chevalier Jedi.<\/em><br \/>\n<em>Et lorsque l\u2019Amour se heurte au Code d\u2019un Ordre Jedi trop rigide, les choix \u00e0 assumer peuvent parfois \u00e9loigner douloureusement ceux qui risquent alors de prendre une nouvelle trajectoire, sur des chemins impr\u00e9vus et impr\u00e9visibles.<\/em><\/p>\n<p style=\"text-align: justify;\">Isil pourra-t-elle concilier l\u2019inconciliable et rester elle-m\u00eame ou devra-t-elle changer radicalement de vie au risque de se faire rejeter par son Ordre ?<\/p>\n<p style=\"text-align: justify;\"><em>Achev\u00e9 d&rsquo;\u00e9crire le 10 octobre 2015<br \/>\n<\/em><\/p>\n<p style=\"text-align: center;\"><span style=\"color: #ff00ff;\">Ce roman a \u00e9t\u00e9 publi\u00e9 au fil de son \u00e9criture <a title=\"sur le forum de Star Wars Universe\" href=\"http:\/\/www.starwars-universe.com\/forum\/post712732.html#p712732\" target=\"_blank\" rel=\"noopener noreferrer\">sur le forum de Star Wars Universe<\/a> o\u00f9 vous pouvez le commenter et dialoguer avec l&rsquo;auteur.<br \/>\n<a title=\"SWUEditions\" href=\"http:\/\/www.starwars-universe.com\/fans\/fan-fictions\/\" target=\"_blank\" rel=\"http:\/\/www.starwars-universe.com\/fans\/fan-fictions\/ noopener noreferrer\"><img loading=\"lazy\" decoding=\"async\" class=\" aligncenter wp-image-325\" src=\"https:\/\/romans.charrazac.fr\/wordpress\/wp-content\/uploads\/2013\/06\/SWUEditions-300x206.png\" alt=\"SWUEditions\" width=\"176\" height=\"121\" srcset=\"https:\/\/romans.charrazac.fr\/wordpress\/wp-content\/uploads\/2013\/06\/SWUEditions-300x206.png 300w, https:\/\/romans.charrazac.fr\/wordpress\/wp-content\/uploads\/2013\/06\/SWUEditions.png 500w\" sizes=\"auto, (max-width: 176px) 100vw, 176px\" \/><\/a><\/span><\/p>\n<div align=\"center\">\n<form action=\"https:\/\/www.paypal.com\/cgi-bin\/webscr\" method=\"post\" target=\"_top\"><input name=\"cmd\" type=\"hidden\" value=\"_s-xclick\" \/><\/form>\n<\/div>\n<table>\n<tbody>\n<tr>\n<td valign=\"top\">Format PDF<\/td>\n<td>Format EPUB<\/td>\n<\/tr>\n<tr>\n<td><div class='w3eden'><!-- WPDM Link Template: Default Template with Download Count -->\n\n\n<div class=\"wpdm-link-tpl link-btn [color]\" data-durl=\"https:\/\/romans.charrazac.fr\/wordpress\/download\/ladjj3-pdf\/?wpdmdl=289&refresh=69eb709e91ead1777037470\" >\n    <div class=\"media\">\n        <div class=\"pull-left\"><img decoding=\"async\" class=\"wpdm_icon\" alt=\"Ic\u00f4ne\" src=\"https:\/\/romans.charrazac.fr\/wordpress\/wp-content\/plugins\/download-manager\/assets\/file-type-icons\/pdf.svg\" \/><\/div>\n        <div class=\"media-body\"><strong class=\"ptitle\">ladjj3.pdf <span class=\"label label-default\" style=\"font-weight: 400;\">727 t\u00e9l\u00e9chargements<\/span>&nbsp;<span class=\"label label-default\" style=\"font-weight: 400;\">5.46 MB<\/span><\/strong>\n            <div><strong><a class='wpdm-download-link download-on-click btn btn-primary ' rel='nofollow' href='#' data-downloadurl=\"https:\/\/romans.charrazac.fr\/wordpress\/download\/ladjj3-pdf\/?wpdmdl=289&refresh=69eb709e91ead1777037470\">Download<\/a><\/strong><\/div>\n        <\/div>\n    <\/div>\n<\/div>\n<div style=\"clear: both\"><\/div>\n<\/div><\/td>\n<td><div class='w3eden'><!-- WPDM Link Template: Default Template with Download Count -->\n\n\n<div class=\"wpdm-link-tpl link-btn [color]\" data-durl=\"https:\/\/romans.charrazac.fr\/wordpress\/download\/ladjj3-epub\/?wpdmdl=288&refresh=69eb709e934f81777037470\" >\n    <div class=\"media\">\n        <div class=\"pull-left\"><img decoding=\"async\" class=\"wpdm_icon\" alt=\"Ic\u00f4ne\" src=\"data:image\/svg+xml;base64,CiAgICAgICAgICAgIDxzdmcgeG1sbnM9Imh0dHA6Ly93d3cudzMub3JnLzIwMDAvc3ZnIiB2aWV3Qm94PSIwIDAgNDAgNDAiPgogICAgICAgICAgICAgICAgPGRlZnM+CiAgICAgICAgICAgICAgICAgICAgPGxpbmVhckdyYWRpZW50IGlkPSJncmFkaWVudCIgeDE9IjAiIHkxPSIwIiB4Mj0iMCIgeTI9IjEiPgogICAgICAgICAgICAgICAgICAgICAgICA8c3RvcCBzdG9wLWNvbG9yPSIjMjY5ZGVmIiBvZmZzZXQ9IjAiLz4KICAgICAgICAgICAgICAgICAgICAgICAgPHN0b3Agc3RvcC1jb2xvcj0iIzI2YmRlZiIgb2Zmc2V0PSIxIi8+CiAgICAgICAgICAgICAgICAgICAgPC9saW5lYXJHcmFkaWVudD4KICAgICAgICAgICAgICAgIDwvZGVmcz4KICAgICAgICAgICAgICAgIDxnPgogICAgICAgICAgICAgICAgICAgIDxyZWN0IGZpbGw9InVybCgjZ3JhZGllbnQpIiB4PSIwIiB5PSIwIiB3aWR0aD0iNDAiIGhlaWdodD0iNDAiIHJ4PSIzIiByeT0iMyIvPgogICAgICAgICAgICAgICAgICAgIDx0ZXh0IHg9IjUiIHk9IjE5IiBmb250LWZhbWlseT0iQXJpYWwsIEhlbHZldGljYSwgc2Fucy1zZXJpZiIgZm9udC1zaXplPSIxM3B4IiBsZXR0ZXItc3BhY2luZz0iMSIgZmlsbD0iI0ZGRkZGRiI+CiAgICAgICAgICAgICAgICAgICAgICAgIDx0c3Bhbj5FUFU8L3RzcGFuPgogICAgICAgICAgICAgICAgICAgICAgICA8dHNwYW4geD0iNiIgeT0iMjgiPl88L3RzcGFuPgogICAgICAgICAgICAgICAgICAgIDwvdGV4dD4KICAgICAgICAgICAgICAgIDwvZz4KICAgICAgICAgICAgPC9zdmc+CgoJCQk=\" \/><\/div>\n        <div class=\"media-body\"><strong class=\"ptitle\">ladjj3.epub <span class=\"label label-default\" style=\"font-weight: 400;\">530 t\u00e9l\u00e9chargements<\/span>&nbsp;<span class=\"label label-default\" style=\"font-weight: 400;\">1.99 MB<\/span><\/strong>\n            <div><strong><a class='wpdm-download-link download-on-click btn btn-primary ' rel='nofollow' href='#' data-downloadurl=\"https:\/\/romans.charrazac.fr\/wordpress\/download\/ladjj3-epub\/?wpdmdl=288&refresh=69eb709e934f81777037470\">Download<\/a><\/strong><\/div>\n        <\/div>\n    <\/div>\n<\/div>\n<div style=\"clear: both\"><\/div>\n<\/div><\/td>\n<\/tr>\n<\/tbody>\n<\/table>\n<div style=\"text-align: center; width:300px; margin: 12px auto;\"><div style=\"margin: 4px 0px;\"><a href=\"http:\/\/calameo.com\/books\/0022391491d0e901f6ce7\">View this publication on Calam&eacute;o<\/a><\/div><iframe loading=\"lazy\" src=\"\/\/v.calameo.com\/?bkcode=0022391491d0e901f6ce7&amp;language=fr&amp;page=&amp;showsharemenu=true\" width=\"300\" height=\"194\" style=\"width:300px;height:194px\" frameborder=\"0\" scrolling=\"no\" allowtransparency allowfullscreen><\/iframe><div style=\"margin: 4px 0px; font-size: 90%;\"><a rel=\"nofollow\" href=\"http:\/\/calameo.com\/upload\">Publish<\/a> at <a href=\"http:\/\/calameo.com\">Calam&eacute;o<\/a> or <a href=\"http:\/\/calameo.com\/browse\/weekly\/?o=7&amp;w=DESC\">browse<\/a> the library.<\/div><\/div>\n<p>Extrait du prologue :<\/p>\n<p style=\"text-align: justify;\">\u00ab\u00a0C\u2019\u00e9tait l\u2019une de ces magnifiques nuits, claires et ti\u00e8des, \u00e9clair\u00e9es par une myriade d\u2019\u00e9toiles qui scintillaient au firmament comme autant de promesses de mondes diff\u00e9rents et compl\u00e9mentaires \u00e0 d\u00e9couvrir. Dans la brise chaleureuse frissonnaient les p\u00e9tales odorif\u00e9rants des fleurs nocturnes qui exhalaient des effluves parfum\u00e9es s\u2019\u00e9pandant doucement dans les jardins du Temple. Chacun, en cette heure de bien \u00eatre, pouvait ressentir la douceur d\u2019une paix illusoire qui rejetait la guerre bien loin dans les esprits.<\/p>\n<p style=\"text-align: justify;\">Pr\u00e9c\u00e9d\u00e9e d\u2019un groupe de novices tout habill\u00e9s de blanc, eux-m\u00eames suivis de Padawans en tunique et en bure traditionnelles, Isil gravissait d\u2019un pas lent le chemin menant au sommet de la colline surplombant les jardins \u00e0 l\u2019arri\u00e8re du Temple de Tython. Elle avan\u00e7ait entre deux haies de flambeaux tenus hauts par les nombreuses personnes rassembl\u00e9es de part et d\u2019autre du chemin, venues assister \u00e0 son adoubement. Dans l\u2019air doux, les flammes s\u2019agitaient doucement dans un ballet de danses rebelles et \u00e9nigmatiques dont les lueurs embrasaient les prunelles azur de celle vers qui tous les regards \u00e9taient riv\u00e9s. Sa longue natte blonde qui tressautait dans son dos \u00e0 chacun de ses pas, tirait ses cheveux en arri\u00e8re en d\u00e9gageant un visage empreint de douceur, dont les traits harmonieux et sensuels faisaient tressaillir le c\u0153ur de celui qui la regardait arriver, le souffle coup\u00e9 par cette apparition presque surr\u00e9aliste. Parmi les h\u00f4tes privil\u00e9gi\u00e9s invit\u00e9s \u00e0 cette c\u00e9r\u00e9monie habituellement r\u00e9serv\u00e9e aux seuls Jedi, Hiivsha ne pouvait d\u00e9tacher son regard de celle que son c\u0153ur avait irr\u00e9m\u00e9diablement \u00e9lu un beau jour, il y avait de cela quelques mois, sur Balmorra. \u00c0 ses c\u00f4t\u00e9s, les officiers et membres de la CPM du croiseur de bataille de classe Centurion, <i>Defiance<\/i>, faisaient, eux-aussi, partie de ces privil\u00e9gi\u00e9s.<\/p>\n<p style=\"text-align: justify;\">Au sommet de la colline, le Conseil Jedi \u00e9tait rassembl\u00e9 en un cercle silencieux regroup\u00e9 autour du Grand Ma\u00eetre Satele Shan, toute droite, les yeux ferm\u00e9s, suivant \u00e0 travers la Force la progression de la Padawan pour laquelle s&rsquo;achevaient ce jour-l\u00e0 les \u00e9preuves initiatiques.\u00a0 \u00c0 ce m\u00eame endroit o\u00f9, quelques mois plus t\u00f4t, le corps de Ma\u00eetre Beno Mahr avait \u00e9t\u00e9 rendu \u00e0 La Force en pr\u00e9sence de ses deux derniers apprentis\u00a0: Isil Kal\u2019Andil et Adol Bruck Obi Melvar lui-m\u00eame Ma\u00eetre Jedi \u00e0 pr\u00e9sent.<\/p>\n<p style=\"text-align: justify;\">V\u00eatue de son habituelle tunique de laquelle s\u2019\u00e9lan\u00e7aient deux longues jambes enserr\u00e9es dans de hautes bottes noires, Isil paraissait flotter sur les gravillons du chemin tant sa d\u00e9marche \u00e9tait souple et gracile. Son v\u00eatement blanc sans manches, \u00e9tait cintr\u00e9 \u00e0 la taille par une ceinture multifonction standard de Jedi \u00e0 laquelle pendait son sabre de Padawan. Seule une l\u00e9g\u00e8re roseur des pommettes trahissait son \u00e9motion lorsqu\u2019elle parvint enfin au sommet du monticule avant de s\u2019arr\u00eater. Ce fut Ma\u00eetre Torve, repr\u00e9sentant de l\u2019Ordre Jedi \u00e0 bord du <i>Defiance<\/i>, qui s\u2019avan\u00e7a vers elle pour lui passer un bras protecteur autour des \u00e9paules et l\u2019inviter \u00e0 entrer dans le cercle, face au Grand Ma\u00eetre Shan.<\/p>\n<p style=\"text-align: justify;\">Le silence se renfor\u00e7a jusqu\u2019\u00e0 ce que seul le frissonnement des feuilles des arbres ne vienne troubler la solennit\u00e9 du moment.<\/p>\n<p style=\"text-align: justify;\">\u2014\u00a0Qui pr\u00e9sentez-vous devant le Haut-Conseil Jedi rassembl\u00e9, Ma\u00eetre Torve\u00a0?<\/p>\n<p style=\"text-align: justify;\">\u2014\u00a0En l\u2019absence de feu Ma\u00eetre Beno Mahr qui l\u2019a form\u00e9e depuis ses douze ans, je pr\u00e9sente devant vous, Ma\u00eetres, la Padawan Isil Kal\u2019Andil-Valdarra pour que vous l\u2019\u00e9leviez si vous l\u2019en jugez digne, au rang de Chevalier Jedi.<\/p>\n<p style=\"text-align: justify;\">Les voix r\u00e9sonnaient haut et fort dans le calme nocturne. Dans le tr\u00e9fonds de son \u00e2me, Isil, qui se tenait les yeux baiss\u00e9s au centre du cercle, sentit quelque chose ou plut\u00f4t quelqu\u2019un la sonder. Une vibration dans la Force lui indiqua que Satele Shan essayait de conna\u00eetre les secrets de son c\u0153ur. C\u2019\u00e9tait comme une porte blanche qui tentait de s\u2019ouvrir dans les m\u00e9andres de son esprit. Elle pouvait en sentir la pouss\u00e9e exerc\u00e9e sur la poign\u00e9e. Un tr\u00e8s l\u00e9ger sourire fit frissonner les l\u00e8vres roses de la Padawan. Ce n\u2019\u00e9tait pas la premi\u00e8re fois que le Grand Ma\u00eetre s\u2019exer\u00e7ait \u00e0 tenter d\u2019en savoir plus que ce qu\u2019Isil voulait bien lui r\u00e9v\u00e9ler. Mais la Force \u00e9tait l\u00e0, dans son esprit et la Padawan y \u00e9tait chez elle. \u00c0 peine la porte entrouverte que d\u2019un \u00e9lan de sa volont\u00e9, elle la refermait brusquement. Elle sentit la rupture dans la Force et leva ses yeux \u00e0 pr\u00e9sent d\u2019un bleu acier vers Satele Shan pour croiser l\u2019\u00e9meraude des siens. Elles rest\u00e8rent ainsi, l\u2019une et l\u2019autre, le temps d\u2019une br\u00e8ve seconde si longue pour elles seules, \u00e0 se soutenir du regard puis Satele brisa l\u2019enchantement.<\/p>\n<p style=\"text-align: justify;\">\u2014\u00a0Le Conseil Jedi a d\u00e9cid\u00e9 que tes \u00e9preuves \u00e9taient accomplies, Padawan Isil. Mais avant de t\u2019\u00e9lever au rang de Chevalier, peux-tu ici, devant cette nombreuse assembl\u00e9e, \u00e9noncer le Code Jedi que tu t\u2019engages \u00e0 faire tien\u00a0?<\/p>\n<p style=\"text-align: justify;\">Le regard du Grand Ma\u00eetre ne faiblissait pas. Celui d\u2019Isil ne broncha pas. D\u2019une voix claire, presque chantante, la jeune fille \u00e9non\u00e7a.<\/p>\n<p style=\"text-align: justify;\">\u2014\u00a0Il n&rsquo;y a pas d&rsquo;\u00e9motion, il n&rsquo;y a que la paix\u2026\u00a0\u00bb<\/p>\n<p><a title=\" Site d\u00e9pos\u00e9 sur CopyrightFrance.com \" href=\"http:\/\/www.copyrightfrance.com\/certificat-depot-copyright-france-C3831E1.htm\" target=\"_blank\" rel=\"noopener noreferrer\"><img decoding=\"async\" class=\"aligncenter\" src=\"..\/images\/C3831E1-1.gif\" alt=\" CopyrightFrance.com \" border=\"0\" \/><\/a><\/p>\n","protected":false},"excerpt":{"rendered":"<p>Lorsque le pass\u00e9 rencontre le pr\u00e9sent, il y a parfois de vieux comptes \u00e0 r\u00e9gler, des haines \u00e0 assouvir&#8230; Le croiseur DEFIANCE, se trouve en proie \u00e0 un ennemi implacable et quasi-invincible, au c\u0153ur d\u2019une tourmente qui va emporter dans &hellip; <a href=\"https:\/\/romans.charrazac.fr\/wordpress\/star-wars-les-aventures-dune-jeune-jedi-tome-3-mort-au-defiance\/\">Continuer la lecture <span class=\"meta-nav\">&rarr;<\/span><\/a><\/p>\n","protected":false},"author":1,"featured_media":0,"parent":0,"menu_order":7,"comment_status":"open","ping_status":"open","template":"","meta":{"footnotes":""},"class_list":["post-207","page","type-page","status-publish","hentry"],"_links":{"self":[{"href":"https:\/\/romans.charrazac.fr\/wordpress\/wp-json\/wp\/v2\/pages\/207","targetHints":{"allow":["GET"]}}],"collection":[{"href":"https:\/\/romans.charrazac.fr\/wordpress\/wp-json\/wp\/v2\/pages"}],"about":[{"href":"https:\/\/romans.charrazac.fr\/wordpress\/wp-json\/wp\/v2\/types\/page"}],"author":[{"embeddable":true,"href":"https:\/\/romans.charrazac.fr\/wordpress\/wp-json\/wp\/v2\/users\/1"}],"replies":[{"embeddable":true,"href":"https:\/\/romans.charrazac.fr\/wordpress\/wp-json\/wp\/v2\/comments?post=207"}],"version-history":[{"count":54,"href":"https:\/\/romans.charrazac.fr\/wordpress\/wp-json\/wp\/v2\/pages\/207\/revisions"}],"predecessor-version":[{"id":543,"href":"https:\/\/romans.charrazac.fr\/wordpress\/wp-json\/wp\/v2\/pages\/207\/revisions\/543"}],"wp:attachment":[{"href":"https:\/\/romans.charrazac.fr\/wordpress\/wp-json\/wp\/v2\/media?parent=207"}],"curies":[{"name":"wp","href":"https:\/\/api.w.org\/{rel}","templated":true}]}}