{"id":37,"date":"2013-06-09T17:00:42","date_gmt":"2013-06-09T16:00:42","guid":{"rendered":"http:\/\/romans.charrazac.fr\/wordpress\/?page_id=37"},"modified":"2017-07-04T12:07:56","modified_gmt":"2017-07-04T11:07:56","slug":"star-wars-les-aventures-dune-jeune-jedi-le-cercle-sombre","status":"publish","type":"page","link":"https:\/\/romans.charrazac.fr\/wordpress\/star-wars-les-aventures-dune-jeune-jedi-le-cercle-sombre\/","title":{"rendered":"STAR WARS &#8211; LES AVENTURES D&rsquo;UNE JEUNE JEDI &#8211; TOME 1 : LE CERCLE SOMBRE"},"content":{"rendered":"<p style=\"text-align: justify;\"><a href=\"https:\/\/romans.charrazac.fr\/wordpress\/wp-content\/uploads\/2013\/07\/ladjj1_couv1.jpg\"><img loading=\"lazy\" decoding=\"async\" class=\"size-medium wp-image-118 alignleft\" src=\"https:\/\/romans.charrazac.fr\/wordpress\/wp-content\/uploads\/2013\/07\/ladjj1_couv1-211x300.jpg\" alt=\"ladjj1_couv1\" width=\"211\" height=\"300\" srcset=\"https:\/\/romans.charrazac.fr\/wordpress\/wp-content\/uploads\/2013\/07\/ladjj1_couv1-211x300.jpg 211w, https:\/\/romans.charrazac.fr\/wordpress\/wp-content\/uploads\/2013\/07\/ladjj1_couv1-721x1024.jpg 721w, https:\/\/romans.charrazac.fr\/wordpress\/wp-content\/uploads\/2013\/07\/ladjj1_couv1.jpg 1500w\" sizes=\"auto, (max-width: 211px) 100vw, 211px\" \/><\/a><a href=\"https:\/\/romans.charrazac.fr\/wordpress\/wp-content\/uploads\/2013\/07\/ladjj1_couv2.jpg\"><img loading=\"lazy\" decoding=\"async\" class=\"size-medium wp-image-124 alignright\" src=\"https:\/\/romans.charrazac.fr\/wordpress\/wp-content\/uploads\/2013\/07\/ladjj1_couv2-212x300.jpg\" alt=\"ladjj1_couv2\" width=\"212\" height=\"300\" srcset=\"https:\/\/romans.charrazac.fr\/wordpress\/wp-content\/uploads\/2013\/07\/ladjj1_couv2-212x300.jpg 212w, https:\/\/romans.charrazac.fr\/wordpress\/wp-content\/uploads\/2013\/07\/ladjj1_couv2-726x1024.jpg 726w, https:\/\/romans.charrazac.fr\/wordpress\/wp-content\/uploads\/2013\/07\/ladjj1_couv2.jpg 1584w\" sizes=\"auto, (max-width: 212px) 100vw, 212px\" \/><\/a><em>Lorsque son Ma\u00eetre rejoint la Force, Isil, la jeune Jedi encore Padawan, ignore dans quelle tourmente elle va \u00eatre emport\u00e9e. Elle ne peut se douter qu\u2019elle va devoir payer dans sa chair les actes barbares des membres de ce Cercle Sombre dont elle ignorait jusqu\u2019alors l\u2019existence.<\/em><\/p>\n<p style=\"text-align: justify;\">Entre l\u2019amour d\u2019un contrebandier charismatique et les plans myst\u00e9rieux qu\u2019un puissant personnage de la R\u00e9publique Galactique nourrit \u00e0 son encontre, la fronti\u00e8re entre le c\u00f4t\u00e9 lumineux et le c\u00f4t\u00e9 obscur de la Force est bien fragile.<br \/>\nPlong\u00e9e au plus profond d\u2019un complot destin\u00e9 \u00e0 relancer une guerre totale entre la R\u00e9publique et l\u2019Empire Sith, accus\u00e9e du meurtre d\u2019un S\u00e9nateur, elle devra faire des choix douloureux, tant physiquement que moralement, qui ne seront pas sans laisser des traces pour l\u2019avenir.<\/p>\n<p style=\"text-align: justify;\">Entre amour, code et sacrifice, saura-t-elle se montrer digne d\u2019un Ordre Jedi en disgr\u00e2ce, repli\u00e9 sur lui-m\u00eame, qui prot\u00e8ge malgr\u00e9 elle une R\u00e9publique Galactique bien ingrate ?<\/p>\n<p>\u00a9 juillet 2011<\/p>\n<div align=\"center\">\n<form action=\"https:\/\/www.paypal.com\/cgi-bin\/webscr\" method=\"post\" target=\"_top\"><input name=\"cmd\" type=\"hidden\" value=\"_s-xclick\" \/><\/form>\n<\/div>\n<table>\n<tbody>\n<tr>\n<td valign=\"top\">Format PDF<\/td>\n<td>Format EPUB<\/td>\n<\/tr>\n<tr>\n<td><div class='w3eden'><!-- WPDM Link Template: Default Template with Download Count -->\n\n\n<div class=\"wpdm-link-tpl link-btn [color]\" data-durl=\"https:\/\/romans.charrazac.fr\/wordpress\/download\/ladjj1-pdf\/?wpdmdl=280&refresh=69eb708da07201777037453\" >\n    <div class=\"media\">\n        <div class=\"pull-left\"><img decoding=\"async\" class=\"wpdm_icon\" alt=\"Ic\u00f4ne\" src=\"https:\/\/romans.charrazac.fr\/wordpress\/wp-content\/plugins\/download-manager\/assets\/file-type-icons\/pdf.svg\" \/><\/div>\n        <div class=\"media-body\"><strong class=\"ptitle\">ladjj1.pdf <span class=\"label label-default\" style=\"font-weight: 400;\">1218 t\u00e9l\u00e9chargements<\/span>&nbsp;<span class=\"label label-default\" style=\"font-weight: 400;\">3.13 MB<\/span><\/strong>\n            <div><strong><a class='wpdm-download-link download-on-click btn btn-primary ' rel='nofollow' href='#' data-downloadurl=\"https:\/\/romans.charrazac.fr\/wordpress\/download\/ladjj1-pdf\/?wpdmdl=280&refresh=69eb708da07201777037453\">Download<\/a><\/strong><\/div>\n        <\/div>\n    <\/div>\n<\/div>\n<div style=\"clear: both\"><\/div>\n<\/div><\/td>\n<td><div class='w3eden'><!-- WPDM Link Template: Default Template with Download Count -->\n\n\n<div class=\"wpdm-link-tpl link-btn [color]\" data-durl=\"https:\/\/romans.charrazac.fr\/wordpress\/download\/ladjj1-epub\/?wpdmdl=281&refresh=69eb708da19f01777037453\" >\n    <div class=\"media\">\n        <div class=\"pull-left\"><img decoding=\"async\" class=\"wpdm_icon\" alt=\"Ic\u00f4ne\" src=\"data:image\/svg+xml;base64,CiAgICAgICAgICAgIDxzdmcgeG1sbnM9Imh0dHA6Ly93d3cudzMub3JnLzIwMDAvc3ZnIiB2aWV3Qm94PSIwIDAgNDAgNDAiPgogICAgICAgICAgICAgICAgPGRlZnM+CiAgICAgICAgICAgICAgICAgICAgPGxpbmVhckdyYWRpZW50IGlkPSJncmFkaWVudCIgeDE9IjAiIHkxPSIwIiB4Mj0iMCIgeTI9IjEiPgogICAgICAgICAgICAgICAgICAgICAgICA8c3RvcCBzdG9wLWNvbG9yPSIjMjY5ZGVmIiBvZmZzZXQ9IjAiLz4KICAgICAgICAgICAgICAgICAgICAgICAgPHN0b3Agc3RvcC1jb2xvcj0iIzI2YmRlZiIgb2Zmc2V0PSIxIi8+CiAgICAgICAgICAgICAgICAgICAgPC9saW5lYXJHcmFkaWVudD4KICAgICAgICAgICAgICAgIDwvZGVmcz4KICAgICAgICAgICAgICAgIDxnPgogICAgICAgICAgICAgICAgICAgIDxyZWN0IGZpbGw9InVybCgjZ3JhZGllbnQpIiB4PSIwIiB5PSIwIiB3aWR0aD0iNDAiIGhlaWdodD0iNDAiIHJ4PSIzIiByeT0iMyIvPgogICAgICAgICAgICAgICAgICAgIDx0ZXh0IHg9IjUiIHk9IjE5IiBmb250LWZhbWlseT0iQXJpYWwsIEhlbHZldGljYSwgc2Fucy1zZXJpZiIgZm9udC1zaXplPSIxM3B4IiBsZXR0ZXItc3BhY2luZz0iMSIgZmlsbD0iI0ZGRkZGRiI+CiAgICAgICAgICAgICAgICAgICAgICAgIDx0c3Bhbj5FUFU8L3RzcGFuPgogICAgICAgICAgICAgICAgICAgICAgICA8dHNwYW4geD0iNiIgeT0iMjgiPl88L3RzcGFuPgogICAgICAgICAgICAgICAgICAgIDwvdGV4dD4KICAgICAgICAgICAgICAgIDwvZz4KICAgICAgICAgICAgPC9zdmc+CgoJCQk=\" \/><\/div>\n        <div class=\"media-body\"><strong class=\"ptitle\">ladjj1.epub <span class=\"label label-default\" style=\"font-weight: 400;\">696 t\u00e9l\u00e9chargements<\/span>&nbsp;<span class=\"label label-default\" style=\"font-weight: 400;\">1.67 MB<\/span><\/strong>\n            <div><strong><a class='wpdm-download-link download-on-click btn btn-primary ' rel='nofollow' href='#' data-downloadurl=\"https:\/\/romans.charrazac.fr\/wordpress\/download\/ladjj1-epub\/?wpdmdl=281&refresh=69eb708da19f01777037453\">Download<\/a><\/strong><\/div>\n        <\/div>\n    <\/div>\n<\/div>\n<div style=\"clear: both\"><\/div>\n<\/div><\/td>\n<\/tr>\n<\/tbody>\n<\/table>\n<div style=\"text-align: center; width:300px; margin: 12px auto;\"><div style=\"margin: 4px 0px;\"><a href=\"http:\/\/calameo.com\/books\/002239149d34b2bb2387f\">View this publication on Calam&eacute;o<\/a><\/div><iframe loading=\"lazy\" src=\"\/\/v.calameo.com\/?bkcode=002239149d34b2bb2387f&amp;language=fr&amp;page=&amp;showsharemenu=true\" width=\"300\" height=\"194\" style=\"width:300px;height:194px\" frameborder=\"0\" scrolling=\"no\" allowtransparency allowfullscreen><\/iframe><div style=\"margin: 4px 0px; font-size: 90%;\"><a rel=\"nofollow\" href=\"http:\/\/calameo.com\/upload\">Publish<\/a> at <a href=\"http:\/\/calameo.com\">Calam&eacute;o<\/a> or <a href=\"http:\/\/calameo.com\/browse\/weekly\/?o=7&amp;w=DESC\">browse<\/a> the library.<\/div><\/div>\n<p style=\"text-align: center;\"><span style=\"color: #ff00ff;\">Si vous avez lu ce roman, merci d&rsquo;avoir la sympathie de laisser vos impressions en commentaire pour dire \u00e0 l&rsquo;auteur comment vous l&rsquo;avez trouv\u00e9.<br \/>\n<span style=\"color: #000000;\">Vous pouvez aussi venir en discuter, ou simplement laisser votre avis, <\/span><br \/>\n<a title=\"sur les forums de Starwars Universe\" href=\"http:\/\/www.starwars-universe.com\/forum\/post531786.html#p531786\" target=\"_blank\" rel=\"noopener noreferrer\"><span style=\"color: #000000;\">sur les forums de Starwars Universe<\/span><\/a><br \/>\n<\/span><\/p>\n<p style=\"text-align: justify;\">Extrait du chapitre 15 : \u00ab\u00a0Le b\u00fbcher fun\u00e9raire\u00a0\u00bb<\/p>\n<p style=\"text-align: justify;\">\u00ab\u00a0La nuit \u00e9tait tomb\u00e9e sur la colline qui surplombait le Temple. Ils \u00e9taient tous rassembl\u00e9s, les membres du Conseil, les Ma\u00eetres et leurs Padawans, les novices, les Chevaliers pr\u00e9sents sur Tython, devant le b\u00fbcher fun\u00e9raire qui se dressait dans l&rsquo;obscurit\u00e9. Au premier rang se trouvaient Isil, Satele Shan et Ma\u00eetre Melvar. Les deux anciens Padawan de Ma\u00eetre Beno Mahr, tenaient chacun une longue torche qui cr\u00e9pitait. Les longs cheveux blonds de la jeune fille qui voletaient dans le l\u00e9ger vent ti\u00e8de offraient un contraste \u00e9clatant avec l\u2019opulente crini\u00e8re noire du Jedi qui retombait sur ses larges \u00e9paules.<br \/>\n\u2014 Nous sommes rassembl\u00e9s pour honorer de notre pr\u00e9sence le passage de Ma\u00eetre Beno Mahr de notre monde dans la Force. Notre recueillement t\u00e9moignera de ce qu\u2019il fut pour nous\u00a0: un grand Jedi et un ami qui nous manquera. Mais nous continuons \u00e0 regarder vers l&rsquo;avenir, sans nous complaire \u00e0 la tristesse. Il n&rsquo;y a pas de mort, il y a la Force.<\/p>\n<p style=\"text-align: justify;\">Les paroles de Satele Shan s&rsquo;envol\u00e8rent dans l&rsquo;air de la nuit, accompagn\u00e9es par le bruit de la cascade toute proche qui tombait entre les rochers dans le petit lac qui traversait les jardins du Temple.<br \/>\n\u2014 Je lui dois tout ce que je sais sur la Force, dit Isil doucement. Ma\u00eetre Satele, il m&rsquo;a parl\u00e9 au fond de ma prison et j&rsquo;ai vu son visage&#8230; pensez-vous que c&rsquo;\u00e9tait mon imagination ?<\/p>\n<p style=\"text-align: justify;\">Ma\u00eetre Shan posa une main sur l&rsquo;\u00e9paule de la Padawan.<br \/>\n\u2014 Il disait que ta sensibilit\u00e9 dans la Force \u00e9tait \u00e9tonnamment grande. Peut-\u00eatre t&rsquo;a-t-il r\u00e9ellement aid\u00e9&#8230; nous ne connaissons pas tout de la Force et il y a une multitude de chemins \u00e0 explorer \u00e0 l&rsquo;int\u00e9rieur d&rsquo;Elle. Qui sait lequel a emprunt\u00e9 Ma\u00eetre Beno.<br \/>\n\u2014 Il me manque&#8230; n&rsquo;ai-je pas le droit de le pleurer ?<br \/>\n\u2014 La peine que tu ressens est l\u00e9gitime Isil et elle honore notre Ma\u00eetre. Tu n&rsquo;es pas d\u00e9pourvue d&rsquo;\u00e9motions sans quoi tu serais un \u00eatre froid et sans vie, intervint Adol Bruck. Mais un Jedi tu dois rester et cela implique que tu dois mettre cette peine de c\u00f4t\u00e9, comme nous saurons tous le faire.<br \/>\n\u2014 Allez, maintenant, il est temps, leur dit Satele Shan.<\/p>\n<p style=\"text-align: justify;\">Et pendant que la foule murmurait les paroles du Code Jedi, Isil et Adol Bruck gravirent les quelques marches qui acc\u00e9daient \u00e0 l&rsquo;autel fun\u00e9raire sur lequel le corps de Beno Mahr qui avait \u00e9t\u00e9 rapatri\u00e9 depuis Coruscant reposait. Quelques secondes plus tard, les premi\u00e8res flammes cr\u00e9pitaient dans la nuit, illuminant de leur \u00e9clat tremblant tous les participants rassembl\u00e9s. Personne ne vit la petite larme qui glissa le long de la joue velout\u00e9e de la jeune fille pour se perdre dans le feu naissant avant qu&rsquo;elle ne redescende du b\u00fbcher. Ce fut la seule qu&rsquo;elle versa. Une seule larme pour toutes ces ann\u00e9es durant lesquelles Beno Mahr avait jou\u00e9 le r\u00f4le de Ma\u00eetre, de p\u00e8re, de mentor, d&rsquo;ami et de confident pour cette fillette trouv\u00e9e dans le manoir en flammes de ses parents assassin\u00e9s. Mais tout ce qu&rsquo;un Jedi ne doit pas montrer, ne doit pas exprimer, tous les sentiments desquels il se m\u00e9fie pour ne pas exposer sa faiblesse d&rsquo;\u00eatre humain \u00e0 ce qu&rsquo;il appelle le C\u00f4t\u00e9 Obscur de la Force, s&rsquo;y trouvaient condens\u00e9 et elle \u00e9tincela un instant comme une \u00e9toile au firmament avant de dispara\u00eetre dans le brasier.<\/p>\n<p style=\"text-align: justify;\">Isil reprit sa place aux c\u00f4t\u00e9s de Ma\u00eetre Melvar tandis que le feu remplissait son office. Hiivsha, un peu \u00e0 l&rsquo;\u00e9cart, regardait avec curiosit\u00e9 cette foule de Jedi et d\u2019apprentis Jedi. Tous ces \u00eatres savaient manipuler ce qu&rsquo;ils appelaient la Force, cette sorte de divinit\u00e9 cr\u00e9atrice qui remplissait et modelait l&rsquo;univers. Il y avait l\u00e0 une puissance incommensurable. Et pourtant, il ne parvenait pas \u00e0 les comprendre. Leur enseignement rejetait ce qui faisait d&rsquo;eux des \u00eatres humains imparfaits. Comment pouvait-on enseigner \u00e0 ne pas tenir compte de ses \u00e9motions ? Comment pouvait-on m\u00eame essayer de vivre sans, alors que c&rsquo;\u00e9tait elles qui fa\u00e7onnaient l&rsquo;humanit\u00e9 ? Tant de contradictions apparentes semblaient s&rsquo;entrechoquer dans cet Ordre qui ne laissait pas indiff\u00e9rent au point qu&rsquo;on ne pouvait que l&rsquo;appr\u00e9cier ou bien le ha\u00efr ! Ces gens, \u00e0 la limite de l&rsquo;extraordinaire, lui paraissaient en fait tellement vuln\u00e9rables\u00a0! Ils se\u00a0montraient en effet incapables de composer avec leurs \u00e9motions, \u00e0 tel point qu\u2019ils s\u2019obligeaient, parfois vainement, \u00e0 les rejeter. C\u2019\u00e9tait pour Hiivsha, une sorte de crainte ou de manque de confiance dans leurs capacit\u00e9s humaines. Le contrebandier se demandait d&rsquo;o\u00f9 leur venait cette peur d&rsquo;eux-m\u00eames.<\/p>\n<p style=\"text-align: justify;\">Dans la lueur dansante du feu qui d\u00e9vorait la d\u00e9pouille du Ma\u00eetre de Isil, il contemplait celle-ci et s&rsquo;abreuvait de chacune des lignes si parfaites de son visage et de son corps. Comment pourrait-il envisager de sortir de son existence ? Mais comment pourrait-il ne pas le lui permettre si tel devait \u00eatre son destin et s&rsquo;il l&rsquo;aimait ? Ce choix corn\u00e9lien lui faisait mal au plus profond de son \u00eatre. Quels sentiments r\u00e9els cet ange blond avait-il pour lui ? La cruaut\u00e9 de la situation lui apparaissait en pleine lumi\u00e8re alors que montait dans le ciel obscur la fum\u00e9e fun\u00e9raire du Ma\u00eetre Jedi. Pendant qu&rsquo;il s&rsquo;effor\u00e7ait de voir clair en lui, Isil tourna la t\u00eate et son regard rencontra le sien. Ils rest\u00e8rent ainsi un long moment \u00e0 \u00e9changer des phrases muettes par del\u00e0 l&rsquo;espace. Les yeux bleus de la jeune fille brillaient de mille diamants. Finalement, Hiivsha baissa les yeux, ne sachant plus quoi faire. Du coin de l\u2019\u0153il, Satele Shan les observait.\u00a0\u00bb<\/p>\n<p><a title=\" Site d\u00e9pos\u00e9 sur CopyrightFrance.com \" href=\"http:\/\/www.copyrightfrance.com\/certificat-depot-copyright-france-C3831E1.htm\" target=\"_blank\" rel=\"noopener noreferrer\"><img decoding=\"async\" class=\"aligncenter\" src=\"..\/images\/C3831E1-1.gif\" alt=\" CopyrightFrance.com \" border=\"0\" \/><\/a><\/p>\n","protected":false},"excerpt":{"rendered":"<p>Lorsque son Ma\u00eetre rejoint la Force, Isil, la jeune Jedi encore Padawan, ignore dans quelle tourmente elle va \u00eatre emport\u00e9e. Elle ne peut se douter qu\u2019elle va devoir payer dans sa chair les actes barbares des membres de ce Cercle &hellip; <a href=\"https:\/\/romans.charrazac.fr\/wordpress\/star-wars-les-aventures-dune-jeune-jedi-le-cercle-sombre\/\">Continuer la lecture <span class=\"meta-nav\">&rarr;<\/span><\/a><\/p>\n","protected":false},"author":1,"featured_media":0,"parent":0,"menu_order":5,"comment_status":"open","ping_status":"open","template":"","meta":{"footnotes":""},"class_list":["post-37","page","type-page","status-publish","hentry"],"_links":{"self":[{"href":"https:\/\/romans.charrazac.fr\/wordpress\/wp-json\/wp\/v2\/pages\/37","targetHints":{"allow":["GET"]}}],"collection":[{"href":"https:\/\/romans.charrazac.fr\/wordpress\/wp-json\/wp\/v2\/pages"}],"about":[{"href":"https:\/\/romans.charrazac.fr\/wordpress\/wp-json\/wp\/v2\/types\/page"}],"author":[{"embeddable":true,"href":"https:\/\/romans.charrazac.fr\/wordpress\/wp-json\/wp\/v2\/users\/1"}],"replies":[{"embeddable":true,"href":"https:\/\/romans.charrazac.fr\/wordpress\/wp-json\/wp\/v2\/comments?post=37"}],"version-history":[{"count":38,"href":"https:\/\/romans.charrazac.fr\/wordpress\/wp-json\/wp\/v2\/pages\/37\/revisions"}],"predecessor-version":[{"id":541,"href":"https:\/\/romans.charrazac.fr\/wordpress\/wp-json\/wp\/v2\/pages\/37\/revisions\/541"}],"wp:attachment":[{"href":"https:\/\/romans.charrazac.fr\/wordpress\/wp-json\/wp\/v2\/media?parent=37"}],"curies":[{"name":"wp","href":"https:\/\/api.w.org\/{rel}","templated":true}]}}