{"id":461,"date":"2017-05-31T13:36:23","date_gmt":"2017-05-31T12:36:23","guid":{"rendered":"http:\/\/romans.charrazac.fr\/wordpress\/?page_id=461"},"modified":"2024-10-21T16:06:00","modified_gmt":"2024-10-21T15:06:00","slug":"et-si-vous-pouviez","status":"publish","type":"page","link":"https:\/\/romans.charrazac.fr\/wordpress\/et-si-vous-pouviez\/","title":{"rendered":"ET SI&#8230; VOUS POUVIEZ ?"},"content":{"rendered":"<p style=\"text-align: center;\"><a href=\"https:\/\/www.facebook.com\/EvidenceEditions\/\" rel=\"attachment wp-att-462\"><img loading=\"lazy\" decoding=\"async\" class=\"wp-image-462 alignleft\" src=\"https:\/\/romans.charrazac.fr\/wordpress\/wp-content\/uploads\/2017\/05\/cropped-cropped-Logo-\u00e9vidence-\u00e9ditions-final.jpg\" alt=\"\" width=\"75\" height=\"75\" srcset=\"https:\/\/romans.charrazac.fr\/wordpress\/wp-content\/uploads\/2017\/05\/cropped-cropped-Logo-\u00e9vidence-\u00e9ditions-final.jpg 240w, https:\/\/romans.charrazac.fr\/wordpress\/wp-content\/uploads\/2017\/05\/cropped-cropped-Logo-\u00e9vidence-\u00e9ditions-final-150x150.jpg 150w\" sizes=\"auto, (max-width: 75px) 100vw, 75px\" \/><\/a><a href=\"http:\/\/www.evidence-boutique.com\/4-i-mage-in-air\" rel=\"attachment wp-att-453\"><img loading=\"lazy\" decoding=\"async\" class=\"wp-image-453 alignright\" src=\"https:\/\/romans.charrazac.fr\/wordpress\/wp-content\/uploads\/2013\/06\/logo-I-Mage-In-AIr-300x300.jpg\" alt=\"\" width=\"75\" height=\"75\" srcset=\"https:\/\/romans.charrazac.fr\/wordpress\/wp-content\/uploads\/2013\/06\/logo-I-Mage-In-AIr-300x300.jpg 300w, https:\/\/romans.charrazac.fr\/wordpress\/wp-content\/uploads\/2013\/06\/logo-I-Mage-In-AIr-300x300-150x150.jpg 150w\" sizes=\"auto, (max-width: 75px) 100vw, 75px\" \/><\/a>Un roman fantastique d&rsquo;anticipation anciennement publi\u00e9<br \/>\nchez <a href=\"http:\/\/evidence-editions.com\/\">\u00c9VIDENCE \u00c9DITIONS<\/a><br \/>\ndans la collection <a href=\"https:\/\/www.facebook.com\/groups\/AmisDeEvidenceEditions\/\">I-MAGE-IN-AIR<\/a><\/p>\n<p style=\"text-align: center;\">________________<\/p>\n<p style=\"text-align: justify;\"><a href=\"https:\/\/romans.charrazac.fr\/wordpress\/?attachment_id=450\" target=\"_blank\" rel=\"noopener noreferrer\"><img loading=\"lazy\" decoding=\"async\" class=\"alignleft wp-image-450 size-medium\" src=\"https:\/\/romans.charrazac.fr\/wordpress\/wp-content\/uploads\/2017\/05\/esvp_couv1-210x300.jpg\" alt=\"\" width=\"210\" height=\"300\" srcset=\"https:\/\/romans.charrazac.fr\/wordpress\/wp-content\/uploads\/2017\/05\/esvp_couv1-210x300.jpg 210w, https:\/\/romans.charrazac.fr\/wordpress\/wp-content\/uploads\/2017\/05\/esvp_couv1.jpg 671w\" sizes=\"auto, (max-width: 210px) 100vw, 210px\" \/><\/a><a href=\"https:\/\/romans.charrazac.fr\/wordpress\/?attachment_id=475\" target=\"_blank\" rel=\"noopener noreferrer\"><img loading=\"lazy\" decoding=\"async\" class=\"wp-image-475 size-medium alignright\" src=\"https:\/\/romans.charrazac.fr\/wordpress\/wp-content\/uploads\/2017\/05\/esvp_couv2-1-210x300.jpg\" alt=\"\" width=\"210\" height=\"300\" srcset=\"https:\/\/romans.charrazac.fr\/wordpress\/wp-content\/uploads\/2017\/05\/esvp_couv2-1-210x300.jpg 210w, https:\/\/romans.charrazac.fr\/wordpress\/wp-content\/uploads\/2017\/05\/esvp_couv2-1-768x1096.jpg 768w, https:\/\/romans.charrazac.fr\/wordpress\/wp-content\/uploads\/2017\/05\/esvp_couv2-1-718x1024.jpg 718w, https:\/\/romans.charrazac.fr\/wordpress\/wp-content\/uploads\/2017\/05\/esvp_couv2-1.jpg 886w\" sizes=\"auto, (max-width: 210px) 100vw, 210px\" \/><\/a>Alexandre est un homme sans histoire. Lieutenant de police, il coule des jours heureux avec sa compagne Claire, avec qui il partage un amour libre et sans contrainte. Mais un jour, un dealer de petite envergure lui tire dessus \u00e0 bout portant. Miraculeusement \u00e9pargn\u00e9 par la mort, il s&rsquo;aper\u00e7oit qu&rsquo;il est en mesure de modifier la r\u00e9alit\u00e9 des choses selon sa volont\u00e9. Pourquoi ? Comment\u00a0? Il ne le sait pas, mais sa vie va en \u00eatre boulevers\u00e9e. D\u00e8s lors, une foule de questions envahissent son esprit : que doit-il faire de cette capacit\u00e9 ? Doit-il la conserver secr\u00e8te, la garder pour lui et son amie&#8230; ou au contraire, la mettre au service de l&rsquo;humanit\u00e9 tout enti\u00e8re\u00a0? Dans quel dessein ? Le rem\u00e8de ne risque-t-il pas d\u2019\u00eatre pire que le mal\u00a0?<\/p>\n<p>Apr\u00e8s avoir go\u00fbt\u00e9 \u00e9go\u00efstement \u00e0 une vie d\u2019insouciance, Alexandre se lance dans un projet insens\u00e9 aux yeux de l\u2019\u00e9lite de la plan\u00e8te\u00a0: changer le monde\u00a0! Mais peut-il transformer la soci\u00e9t\u00e9 sans la d\u00e9truire\u00a0?<\/p>\n<p><em>La r\u00e9alit\u00e9 est-elle ce qu&rsquo;on voit ou ce qu&rsquo;on croit voir ? Si elle n&rsquo;\u00e9tait qu&rsquo;une forme de long et complexe r\u00eave \u00e9veill\u00e9 et collectif duquel nous ne pourrions nous \u00e9chapper sinon en disparaissant ? Et si quelqu&rsquo;un trouvait la cl\u00e9 permettant de modifier ce r\u00eave, de le plier \u00e0 sa volont\u00e9, que devrait-il en faire ? Qu&rsquo;en feriez-vous, vous-m\u00eame ?<\/em><\/p>\n<p style=\"text-align: center;\"><span style=\"color: #ff0000;\">Paru le 1 juillet 2017<br \/>\n<\/span><\/p>\n<div align=\"center\"><iframe loading=\"lazy\" style=\"max-width: 100%;\" src=\"https:\/\/lire.amazon.fr\/kp\/card?asin=B07376RM4T&amp;preview=inline&amp;linkCode=kpe&amp;ref_=cm_sw_r_kb_dp_4o6vzbDDS83JS\" width=\"212\" height=\"362\" frameborder=\"0\" allowfullscreen=\"allowfullscreen\"><\/iframe><\/div>\n<p style=\"text-align: center;\"><span style=\"color: #ff00ff;\">Si vous avez lu ce roman, merci d&rsquo;avoir la sympathie de laisser vos impressions en commentaire pour dire \u00e0 l&rsquo;auteur comment vous l&rsquo;avez trouv\u00e9.<\/span><\/p>\n<p style=\"text-align: justify;\">Quelques extraits :<\/p>\n<p style=\"text-align: justify;\">L\u2019oreillette annon\u00e7a <em>\u00e0 vous<\/em> et Bernard Gallois se lan\u00e7a\u00a0:<br \/>\n\u2014\u00a0Madame, monsieur, bonsoir. Une fois n\u2019est pas coutume, nous nous trouvons ce soir en direct des studios de France T\u00e9l\u00e9vision pour vous proposer une \u00e9mission exceptionnelle de <em>Science et paranormal<\/em> consacr\u00e9e \u00e0 la magie. Cet opus ne ressemblera pas aux autres, car \u00e0 vingt-deux heures vous serez les t\u00e9moins d\u2019un ph\u00e9nom\u00e8ne in\u00e9dit, une premi\u00e8re mondiale, un prodige que vous aurez le privil\u00e8ge de vivre en direct. Tout au long de cette \u00e9mission, vous pouvez r\u00e9agir par SMS gr\u00e2ce au num\u00e9ro qui s\u2019affiche. Les remarques ou les questions les plus fr\u00e9quentes seront reprises un peu avant vingt-deux heures et nos invit\u00e9s s\u2019efforceront d\u2019y r\u00e9pondre.<br \/>\nL\u2019indiscret appareil annon\u00e7a alors qu\u2019il marquait une br\u00e8ve pause\u00a0:<br \/>\n\u2014\u00a0<em>Bernard, l\u2019audience grimpe\u00a0! C\u2019est hallucinant\u00a0! \u00c0 croire que tous les gens qui regardent leur t\u00e9l\u00e9vision ont l\u2019intention de se retrouver sur notre \u00e9mission\u00a0!<\/em><br \/>\nL\u2019animateur reprit sa respiration. Cela repr\u00e9sentait plusieurs dizaines de millions de t\u00e9l\u00e9spectateurs\u00a0!<br \/>\n<em>Sans compter les personnes connect\u00e9es sur les cha\u00eenes Internet du groupe\u00a0! <\/em>pensa-t-il.<br \/>\nGallois inspira de nouveau avec soin dans le but de calmer un c\u0153ur trop rapide. Il songea une nouvelle fois que cette soir\u00e9e resterait, si tout se passait sans un accroc jusqu\u2019au g\u00e9n\u00e9rique final, un tournant non seulement pour lui, mais peut-\u00eatre pour le pays et m\u00eame davantage. L\u2019animateur sentit peser sur lui le regard interrogatif des participants et encha\u00eena\u00a0:<br \/>\n\u2014\u00a0Avant de contacter notre r\u00e9gie mobile pr\u00eate \u00e0 d\u00e9marrer dans l\u2019intention de vous offrir le plus spectaculaire des directs jamais r\u00e9alis\u00e9s, je vais pr\u00e9senter nos invit\u00e9s en commen\u00e7ant par la personne assise \u00e0 mes c\u00f4t\u00e9s, Adam Alpha, qui vient ce soir vous d\u00e9montrer de fa\u00e7on d\u00e9finitive que la magie existe bel et bien.\u00a0\u00bb<\/p>\n<p style=\"text-align: center;\"><sub>*<\/sub><sup>*<\/sup><sub>*<\/sub><\/p>\n<p style=\"text-align: justify;\">\u00ab\u00a0La Terre des quatre points cardinaux s\u2019\u00e9mut. \u00c0 la force des rediffusions du JT fran\u00e7ais \u00e0 travers la plan\u00e8te, l\u2019humanit\u00e9 n\u2019avait plus qu\u2019un nom \u00e0 la bouche\u00a0: <em>Adam Alpha<\/em>. L\u2019extraterrestre, le prodige, l\u2019envoy\u00e9 de Dieu, celui du Diable, le magicien, l\u2019ange Gabriel, Saint-Michel, Bouddha, le Proph\u00e8te\u00a0sans oublier le Christ r\u00e9incarn\u00e9\u00a0: toutes les suppositions prenaient leur envol et comptaient d\u00e9tracteurs et disciples. Mais le Vatican se refusait toujours \u00e0 prendre position sur un tel myst\u00e8re. Le Pape \u00e9mit publiquement le souhait de rencontrer l\u2019homme \u00e0 l\u2019origine de ce bouleversement plan\u00e9taire. Il l\u2019exhorta en outre, \u00e0 \u0153uvrer pour la paix et le bien-\u00eatre de l\u2019humanit\u00e9 tout enti\u00e8re.<br \/>\nIn\u00e9vitablement aussi, les grands de ce monde conspir\u00e8rent. Les puissantes et riches familles, les capitaines d\u2019industrie, les politiques, s\u2019\u00e9murent des propos de cet individu\u00a0venu d\u2019on ne savait o\u00f9. Le groupe Bilderberg \u2014 pour qui un gouvernement mondial passait forc\u00e9ment par lui \u2014 organisa sans tarder une r\u00e9union extraordinaire de son comit\u00e9 de direction pour \u00e9tudier le cas<em> Alpha<\/em>. \u00c9tait-il possible de s\u2019allier avec lui dans une conqu\u00eate de la plan\u00e8te que par ailleurs le groupe avait toujours d\u00e9menti vouloir mener \u00e0 bien\u00a0?<br \/>\nDans le m\u00eame temps, certains chefs d\u2019\u00c9tat parmi les plus puissants s\u2019alarm\u00e8rent de l\u2019existence de cet homme, et d\u2019un pouvoir annonc\u00e9 comme potentiellement illimit\u00e9. Une s\u00e9rie de coups de fil entre quelques capitales aboutit \u00e0 l\u2019organisation d\u2019un sommet extraordinaire, restreint et secret. Il se tiendrait au ch\u00e2teau d\u2019Albrechtsberg pr\u00e8s de Dresde dans l\u2019est de l\u2019Allemagne. R\u00e9pondirent pr\u00e9sents, les \u00c9tats-Unis, la Russie, la Chine, le Royaume-Uni, l\u2019Allemagne et bien entendu la France o\u00f9 tout avait commenc\u00e9.\u00a0\u00bb<\/p>\n<p style=\"text-align: center;\"><sub>*<\/sub><sup>*<\/sup><sub>*<\/sub><\/p>\n<p style=\"text-align: justify;\">\u00ab\u00a0Un choc aussi soudain que terrible les secoua avec une violence inou\u00efe. Dans un fracas \u00e9pouvantable, un camion percuta la berline du c\u00f4t\u00e9 de Natacha. Il la tra\u00eena malgr\u00e9 son poids sur plusieurs dizaines de m\u00e8tres, jusqu\u2019\u00e0 l\u2019immobiliser contre un mur, les vitres bris\u00e9es, prise en tenailles entre le b\u00e9ton et le pare-chocs du poids lourd. Au m\u00eame moment, le SUV de t\u00eate explosait sous l\u2019impact d\u2019une roquette qui le souleva tel un f\u00e9tu de paille. Le v\u00e9hicule tournoya dans l\u2019air avant d\u2019effectuer une s\u00e9rie de tonneaux meurtriers pour ses occupants. Il s\u2019embrasa instantan\u00e9ment comme une torche.<br \/>\nLe chauffeur de la voiture qui fermait le cort\u00e8ge \u00e9crasa la p\u00e9dale de frein et d\u00e9rapa sur la chauss\u00e9e dans un crissement de pneus. Il ne s\u2019\u00e9tait pas immobilis\u00e9 qu\u2019une gr\u00eale de projectiles de fort calibre s\u2019abattit sur le SUV, accompagn\u00e9e d\u2019un tonnerre de cr\u00e9pitements secs et rapides. Une douzaine d\u2019hommes cagoul\u00e9s en tenue de combat noire s\u2019avanc\u00e8rent vers lui en l\u2019encerclant sans cesser de tirer. Toutes les vitres \u00e9clat\u00e8rent dans un vacarme \u00e9pouvantable tandis que les occupants essayaient d\u00e9sesp\u00e9r\u00e9ment de s\u2019extraire de cet enfer pour riposter. En quelques secondes, les quatre agents furent cribl\u00e9s de balles, puis l\u2019un des assaillants lan\u00e7a une grenade dans l\u2019habitacle avant de crier un bref avertissement \u00e0 ses complices. Ils s\u2019\u00e9cart\u00e8rent en courant et le v\u00e9hicule s\u2019embrasa \u00e0 son tour dans une violente explosion.\u00a0\u00bb<\/p>\n<p><a title=\" Site d\u00e9pos\u00e9 sur CopyrightFrance.com \" href=\"http:\/\/www.copyrightfrance.com\/certificat-depot-copyright-france-C3831E1.htm\" target=\"_blank\" rel=\"noopener noreferrer\"><img decoding=\"async\" class=\"aligncenter\" src=\"..\/images\/C3831E1-1.gif\" alt=\" CopyrightFrance.com \" border=\"0\" \/><\/a><\/p>\n","protected":false},"excerpt":{"rendered":"<p>Un roman fantastique d&rsquo;anticipation anciennement publi\u00e9 chez \u00c9VIDENCE \u00c9DITIONS dans la collection I-MAGE-IN-AIR ________________ Alexandre est un homme sans histoire. Lieutenant de police, il coule des jours heureux avec sa compagne Claire, avec qui il partage un amour libre et &hellip; <a href=\"https:\/\/romans.charrazac.fr\/wordpress\/et-si-vous-pouviez\/\">Continuer la lecture <span class=\"meta-nav\">&rarr;<\/span><\/a><\/p>\n","protected":false},"author":1,"featured_media":0,"parent":0,"menu_order":2,"comment_status":"open","ping_status":"open","template":"","meta":{"footnotes":""},"class_list":["post-461","page","type-page","status-publish","hentry"],"_links":{"self":[{"href":"https:\/\/romans.charrazac.fr\/wordpress\/wp-json\/wp\/v2\/pages\/461","targetHints":{"allow":["GET"]}}],"collection":[{"href":"https:\/\/romans.charrazac.fr\/wordpress\/wp-json\/wp\/v2\/pages"}],"about":[{"href":"https:\/\/romans.charrazac.fr\/wordpress\/wp-json\/wp\/v2\/types\/page"}],"author":[{"embeddable":true,"href":"https:\/\/romans.charrazac.fr\/wordpress\/wp-json\/wp\/v2\/users\/1"}],"replies":[{"embeddable":true,"href":"https:\/\/romans.charrazac.fr\/wordpress\/wp-json\/wp\/v2\/comments?post=461"}],"version-history":[{"count":16,"href":"https:\/\/romans.charrazac.fr\/wordpress\/wp-json\/wp\/v2\/pages\/461\/revisions"}],"predecessor-version":[{"id":584,"href":"https:\/\/romans.charrazac.fr\/wordpress\/wp-json\/wp\/v2\/pages\/461\/revisions\/584"}],"wp:attachment":[{"href":"https:\/\/romans.charrazac.fr\/wordpress\/wp-json\/wp\/v2\/media?parent=461"}],"curies":[{"name":"wp","href":"https:\/\/api.w.org\/{rel}","templated":true}]}}