{"id":69,"date":"2013-06-09T21:17:18","date_gmt":"2013-06-09T19:17:18","guid":{"rendered":"http:\/\/romans.charrazac.fr\/wordpress\/?page_id=69"},"modified":"2017-06-09T15:13:06","modified_gmt":"2017-06-09T14:13:06","slug":"age-of-conan-larchere-des-quatre-vallees-les-loups-du-vanaheim","status":"publish","type":"page","link":"https:\/\/romans.charrazac.fr\/wordpress\/age-of-conan-larchere-des-quatre-vallees-les-loups-du-vanaheim\/","title":{"rendered":"L&rsquo;ARCH\u00c8RE DES QUATRE VALL\u00c9ES : LES LOUPS DU VANAHEIM"},"content":{"rendered":"<p style=\"text-align: justify;\">une histoire librement inspir\u00e9 de <em>l\u2019\u00e2ge hyborien<\/em> de R.E. Howard<\/p>\n<p style=\"text-align: justify;\"><a href=\"https:\/\/romans.charrazac.fr\/wordpress\/wp-content\/uploads\/2014\/05\/ladqv1_couv1.jpg\" target=\"_blank\" rel=\"noopener noreferrer\"><img loading=\"lazy\" decoding=\"async\" class=\"alignleft wp-image-256 size-medium\" src=\"https:\/\/romans.charrazac.fr\/wordpress\/wp-content\/uploads\/2014\/05\/ladqv1_couv1-213x300.jpg\" alt=\"\" width=\"213\" height=\"300\" srcset=\"https:\/\/romans.charrazac.fr\/wordpress\/wp-content\/uploads\/2014\/05\/ladqv1_couv1-213x300.jpg 213w, https:\/\/romans.charrazac.fr\/wordpress\/wp-content\/uploads\/2014\/05\/ladqv1_couv1-727x1024.jpg 727w, https:\/\/romans.charrazac.fr\/wordpress\/wp-content\/uploads\/2014\/05\/ladqv1_couv1.jpg 767w\" sizes=\"auto, (max-width: 213px) 100vw, 213px\" \/><\/a><a href=\"https:\/\/romans.charrazac.fr\/wordpress\/wp-content\/uploads\/2014\/05\/ladqv1_couv21.jpg\" target=\"_blank\" rel=\"noopener noreferrer\"><img loading=\"lazy\" decoding=\"async\" class=\"alignright wp-image-265 size-medium\" src=\"https:\/\/romans.charrazac.fr\/wordpress\/wp-content\/uploads\/2014\/05\/ladqv1_couv21-213x300.jpg\" alt=\"\" width=\"213\" height=\"300\" srcset=\"https:\/\/romans.charrazac.fr\/wordpress\/wp-content\/uploads\/2014\/05\/ladqv1_couv21-213x300.jpg 213w, https:\/\/romans.charrazac.fr\/wordpress\/wp-content\/uploads\/2014\/05\/ladqv1_couv21-727x1024.jpg 727w, https:\/\/romans.charrazac.fr\/wordpress\/wp-content\/uploads\/2014\/05\/ladqv1_couv21.jpg 1584w\" sizes=\"auto, (max-width: 213px) 100vw, 213px\" \/><\/a>\u00ab<em>En des temps im- m\u00e9moriaux, ils \u00e9taient venus du nord de la limite des pays d\u2019Asgard et d\u2019Hyper-borea, fuyant une guerre de trop dans laquelle ils ne se reconnaissaient plus.<\/em><\/p>\n<p style=\"text-align: justify;\"><em>Ils avaient err\u00e9 long- temps et une nouvelle g\u00e9n\u00e9ration avait vu le jour durant leur mar- che nomade avant qu\u2019un beau jour ils ne trouvent cette plaine nich\u00e9e \u00e0 l\u2019intersection de quatre vall\u00e9es prot\u00e9g\u00e9es par des montagnes quasi infranchissables. Ils appel\u00e8rent ce lieu \u00ab\u00a0les Quatre Vall\u00e9es\u00a0\u00bb et s\u2019y install\u00e8rent. \u00c0 leurs yeux ce nouvel Eden fournirait tout ce dont un peuple avait besoin pour vivre heureux&#8230;\u00bb<\/em><\/p>\n<p>Si, par trahison, les pillards du Vanaheim n&rsquo;avaient pas d\u00e9couvert la passe qui menait aux Quatre Vall\u00e9es, la vie de la jeune Isil n&rsquo;aurait ressembl\u00e9 en rien \u00e0 ce que le destin avait d\u00e9cid\u00e9 pour elle : un chemin de violence, de haine et de vengeance, sur lequel un homme tentera par amour d&rsquo;imposer la lumi\u00e8re de l&rsquo;apaisement. Y parviendra-t-il ?<\/p>\n<p style=\"text-align: justify;\">\u00c9dition corrig\u00e9e &#8211; \u00a9 d\u00e9cembre 2013<\/p>\n<p style=\"text-align: center;\"><span style=\"color: #ff0000;\">Ce roman est en cours de r\u00e9\u00e9criture \u00e0 des fins de publication.<\/span><br \/>\n<span style=\"color: #ff0000;\">Merci de votre compr\u00e9hension.<\/span><\/p>\n<table>\n<tbody>\n<tr>\n<td valign=\"top\">Format PDF<\/td>\n<td>Format EPUB<\/td>\n<\/tr>\n<tr>\n<td>Indisponible<\/td>\n<td>Indisponible<\/td>\n<\/tr>\n<\/tbody>\n<\/table>\n<div style=\"text-align: center; width:300px; margin: 12px auto;\"><div style=\"margin: 4px 0px;\"><a href=\"http:\/\/calameo.com\/books\/0022391491f8ea8b55b62\">View this publication on Calam&eacute;o<\/a><\/div><iframe loading=\"lazy\" src=\"\/\/v.calameo.com\/?bkcode=0022391491f8ea8b55b62&amp;language=fr&amp;page=&amp;showsharemenu=true\" width=\"300\" height=\"194\" style=\"width:300px;height:194px\" frameborder=\"0\" scrolling=\"no\" allowtransparency allowfullscreen><\/iframe><div style=\"margin: 4px 0px; font-size: 90%;\"><a rel=\"nofollow\" href=\"http:\/\/calameo.com\/upload\">Publish<\/a> at <a href=\"http:\/\/calameo.com\">Calam&eacute;o<\/a> or <a href=\"http:\/\/calameo.com\/browse\/weekly\/?o=7&amp;w=DESC\">browse<\/a> the library.<\/div><\/div>\n<p style=\"text-align: center;\"><span style=\"color: #ff00ff;\">Si vous avez lu ce roman, merci d&rsquo;avoir la sympathie de laisser vos impressions en commentaire pour dire \u00e0 l&rsquo;auteur comment vous l&rsquo;avez trouv\u00e9.<\/span><\/p>\n<p style=\"text-align: justify;\">Extrait du chapitre 4 : \u00ab\u00a0Les Noces de sang (1e partie)\u00a0\u00bb<\/p>\n<p style=\"text-align: justify;\">\u00ab\u00a0Dans la nuit qui pr\u00e9c\u00e9daient les noces, des cavaliers arriv\u00e8rent de chacune des vall\u00e9es, arm\u00e9s de leur mieux et nombreux. La totalit\u00e9 des hommes capables de se battre avait r\u00e9pondu \u00e0 l\u2019appel de leur chef, et Adgard d\u00fbt m\u00eame faire repartir chez eux des gar\u00e7ons qu\u2019il jugeait trop jeunes pour risquer leur vie \u00e0 la bataille, ainsi que quelques vieillards. Il ajusta son casque de cuir cercl\u00e9 de fer et donna le signal du d\u00e9part. Il avait strictement refus\u00e9 qu\u2019Elamir participe \u00e0 l\u2019exp\u00e9dition, \u00e9tant donn\u00e9 qu\u2019il \u00e9tait le fianc\u00e9 et devait se pr\u00e9parer pour la veill\u00e9e de la noce. Surtout, il voulait \u00e9viter qu\u2019il soit bless\u00e9 s\u2019il leur fallait combattre. Le jeune homme avait protest\u00e9 mais press\u00e9 par son p\u00e8re et sa fianc\u00e9e, il avait fini par se rendre aux arguments de chacun.<\/p>\n<p style=\"text-align: justify;\">La troupe s\u2019\u00e9lan\u00e7a vers le nord et les montagnes alors qu\u2019une aube rougeoyante se levait sur l\u2019est.<br \/>\n\u00ab\u00a0Une aube de sang, avait dit Vaener.<br \/>\n\u2013 Une belle journ\u00e9e, avait r\u00e9pliqu\u00e9 Adgard.\u00a0\u00bb<\/p>\n<p style=\"text-align: justify;\">Il fallait deux heures pour atteindre le d\u00e9fil\u00e9 qui permettait de sortir du pays. Le soleil s\u2019\u00e9tait lev\u00e9 lorsqu\u2019ils le franchirent. Tout semblait calme. Ils sortirent des Quatre Vall\u00e9es et se trouv\u00e8rent dans l\u2019immensit\u00e9 du nord de l\u2019Aquilonie, paysage fortement vallonn\u00e9 et quelque peu bois\u00e9 \u00e7a et l\u00e0, verdoyant et sauvage. Derri\u00e8re eux les contreforts des hautes montagnes s\u2019estompaient d\u00e9j\u00e0, et la troupe \u00e9tir\u00e9e traversait une large vall\u00e9e domin\u00e9e par des collines recouvertes d\u2019arbres, quand deux \u00e9claireurs qui ouvraient la marche revinrent vers eux au grand galop.<\/p>\n<p style=\"text-align: justify;\">Adgard donna l\u2019ordre de stopper en levant la main.<br \/>\n\u00ab\u00a0Des pillards vanirs, cri\u00e8rent les deux hommes d\u00e8s qu\u2019ils furent \u00e0 port\u00e9e de voix.\u00a0\u00bb<\/p>\n<p style=\"text-align: justify;\">Sans attendre, Adgard fit tournoyer son bras et la troupe s\u2019\u00e9tala sur toute la largeur de la vall\u00e9e.<br \/>\n\u00ab\u00a0Combien sont-ils, demanda le chef.<br \/>\n\u2013 Plusieurs centaines\u2026 au moins autant que nous sur ce que nous avons pu voir.<br \/>\n\u2013 Par o\u00f9 se dirigent-ils\u00a0?<br \/>\n\u2013 Ils viennent droit sur nous\u00a0! s\u2019exclama un des \u00e9claireurs.<br \/>\n\u2013 C\u2019est \u00e9trange, intervint Vaener, il n\u2019y a aucune raison \u00e0 cela.<br \/>\n\u2013 Je n\u2019aime pas \u00e7a, dit Osric. S\u2019ils ne connaissent pas l\u2019existence du d\u00e9fil\u00e9, c\u2019est pour eux une route sans issue qu\u2019ils empruntent.<br \/>\n\u2013 Alors cela veut dire qu\u2019ils le connaissent\u00a0? demanda Gorlek.<br \/>\n\u2013 C\u2019est impossible, r\u00e9pondit Vaener, hormis quelques marchands qui ont jur\u00e9 le silence, personne\u2026\u00a0\u00bb<\/p>\n<p style=\"text-align: justify;\">Adgard le regarda mais ne fit aucun commentaire. Vaener lui dit alors.<br \/>\n\u00ab\u00a0J\u2019ai un mauvais pressentiment.<br \/>\n\u2013 Moi aussi, r\u00e9pondit-il, quelque chose nous \u00e9chappe. Mais nous n\u2019avons pas le choix\u00a0! Nous devons les attaquer avant qu\u2019ils ne nous rep\u00e8rent. Si nous les chargeons alors qu\u2019ils ne s\u2019y attendent pas, ils se d\u00e9banderont et fuiront. Nous en tuerons autant que nous pourrons pour les dissuader de revenir de sit\u00f4t\u00a0!\u00a0\u00bb<\/p>\n<p style=\"text-align: justify;\">Les cavaliers firent passer entre eux des consignes de silence et la troupe s\u2019\u00e9lan\u00e7a au petit trot sur l\u2019herbe grasse de la vall\u00e9e qui \u00e9touffait le bruit des sabots. Adgard maudit Crom de l\u2019obliger \u00e0 combattre la veille des noces de sa fille, mais il \u00e9tait confiant dans l\u2019effet de surprise et au fur et \u00e0 mesure qu\u2019ils se rapprochaient, il acc\u00e9l\u00e9ra l\u2019allure.<\/p>\n<p style=\"text-align: justify;\">La vall\u00e9e tournait vers l\u2019est et au d\u00e9tour du large virage les deux troupes se firent face. L\u2019une \u00e9tait presque au galop et l\u2019autre \u00e9tait \u00e0 l\u2019arr\u00eat. Cette vision stoppa net les hommes d\u2019Adgard dans leur \u00e9lan. Les \u00e9claireurs n\u2019avaient vu que l\u2019avant-garde d\u2019une arm\u00e9e bien plus nombreuse qu\u2019eux. Combien \u00e9taient-ils dans la vall\u00e9e devant eux, plusieurs milliers sans doute, en armure lourde pour la plupart. Les \u00e9p\u00e9es luisantes au soleil, ils les attendaient et ne semblaient nullement surpris par leur arriv\u00e9e. Gorlek jura.<br \/>\n\u00ab\u00a0Par Crom\u00a0! Combien sont-ils\u00a0?<br \/>\n\u2013 Ils nous attendaient, je le parierais\u00a0! fit en \u00e9cho Osric.\u00a0\u00bb<\/p>\n<p style=\"text-align: justify;\">Adgard acquies\u00e7a d\u2019un hochement de t\u00eate sans rien dire. Un murmure se r\u00e9pandit dans les rangs des cavaliers.<\/p>\n<p style=\"text-align: justify;\">Soudain le murmure se tut. Un cor venait de retentir et une petite troupe de cavaliers apparut sur une pro\u00e9minence au nord. Il y avait parmi eux une grande banni\u00e8re d\u00e9ploy\u00e9e et un homme \u00e0 cheval qui portait une immense enseigne surmont\u00e9e d\u2019une t\u00eate de dragon. A c\u00f4t\u00e9 de lui se tenait sur un cheval noir, une haute silhouette dans une armure sombre qui paraissait \u00eatre le chef. Il \u00e9tait entour\u00e9 de plusieurs autres hommes, sans doute ses g\u00e9n\u00e9raux. Ils \u00e9taient tous lourdement \u00e9quip\u00e9s et casqu\u00e9s. Adgard pointa la banni\u00e8re du doigt.<br \/>\n\u00ab\u00a0Ce n\u2019est pas possible\u00a0! La L\u00e9gion du Dragon Noir\u00a0? Ici\u00a0? Pourquoi\u00a0?\u00a0\u00bb<\/p>\n<p style=\"text-align: justify;\">Ce n\u2019\u00e9tait plus une bande de pillards qu\u2019ils avaient en face d\u2019eux mais une arm\u00e9e constitu\u00e9e, pr\u00e9c\u00e9d\u00e9e par une terrible r\u00e9putation de sauvagerie. Cette l\u00e9gion, appel\u00e9e aussi La L\u00e9gion Noire, avait dans les ann\u00e9es pr\u00e9c\u00e9dentes, effectu\u00e9 des raids meurtriers jusqu\u2019en Stygie avant de dispara\u00eetre un beau jour, et Adgard avait toujours pens\u00e9 qu\u2019elle avait \u00e9t\u00e9 d\u00e9truite ou du moins dissoute. Or, entre la banni\u00e8re noire et or et l\u2019enseigne \u00e0 t\u00eate de dragon, il n\u2019y avait pas de place pour le doute.\u00a0\u00bb<\/p>\n<p><a title=\" Site d\u00e9pos\u00e9 sur CopyrightFrance.com \" href=\"http:\/\/www.copyrightfrance.com\/certificat-depot-copyright-france-C3831E1.htm\" target=\"_blank\" rel=\"noopener noreferrer\"><img decoding=\"async\" class=\"aligncenter\" src=\"..\/images\/C3831E1-1.gif\" alt=\" CopyrightFrance.com \" border=\"0\" \/><\/a><\/p>\n","protected":false},"excerpt":{"rendered":"<p>une histoire librement inspir\u00e9 de l\u2019\u00e2ge hyborien de R.E. Howard \u00abEn des temps im- m\u00e9moriaux, ils \u00e9taient venus du nord de la limite des pays d\u2019Asgard et d\u2019Hyper-borea, fuyant une guerre de trop dans laquelle ils ne se reconnaissaient plus. &hellip; <a href=\"https:\/\/romans.charrazac.fr\/wordpress\/age-of-conan-larchere-des-quatre-vallees-les-loups-du-vanaheim\/\">Continuer la lecture <span class=\"meta-nav\">&rarr;<\/span><\/a><\/p>\n","protected":false},"author":1,"featured_media":0,"parent":0,"menu_order":3,"comment_status":"open","ping_status":"open","template":"","meta":{"footnotes":""},"class_list":["post-69","page","type-page","status-publish","hentry"],"_links":{"self":[{"href":"https:\/\/romans.charrazac.fr\/wordpress\/wp-json\/wp\/v2\/pages\/69","targetHints":{"allow":["GET"]}}],"collection":[{"href":"https:\/\/romans.charrazac.fr\/wordpress\/wp-json\/wp\/v2\/pages"}],"about":[{"href":"https:\/\/romans.charrazac.fr\/wordpress\/wp-json\/wp\/v2\/types\/page"}],"author":[{"embeddable":true,"href":"https:\/\/romans.charrazac.fr\/wordpress\/wp-json\/wp\/v2\/users\/1"}],"replies":[{"embeddable":true,"href":"https:\/\/romans.charrazac.fr\/wordpress\/wp-json\/wp\/v2\/comments?post=69"}],"version-history":[{"count":31,"href":"https:\/\/romans.charrazac.fr\/wordpress\/wp-json\/wp\/v2\/pages\/69\/revisions"}],"predecessor-version":[{"id":498,"href":"https:\/\/romans.charrazac.fr\/wordpress\/wp-json\/wp\/v2\/pages\/69\/revisions\/498"}],"wp:attachment":[{"href":"https:\/\/romans.charrazac.fr\/wordpress\/wp-json\/wp\/v2\/media?parent=69"}],"curies":[{"name":"wp","href":"https:\/\/api.w.org\/{rel}","templated":true}]}}